
{"id":6701,"date":"2020-12-04T14:44:37","date_gmt":"2020-12-04T20:44:37","guid":{"rendered":"https:\/\/tachiapas.gob.mx\/comite-igualdad\/?page_id=6701"},"modified":"2024-08-02T15:49:59","modified_gmt":"2024-08-02T21:49:59","slug":"cultura-incluyente","status":"publish","type":"page","link":"https:\/\/tachiapas.gob.mx\/comite-igualdad\/cultura-incluyente\/","title":{"rendered":"Cultura Incluyente"},"content":{"rendered":"\t\t<div data-elementor-type=\"wp-page\" data-elementor-id=\"6701\" class=\"elementor elementor-6701\">\n\t\t\t\t\t\t<section class=\"elementor-section elementor-top-section elementor-element elementor-element-119e8968 elementor-section-content-middle elementor-section-boxed elementor-section-height-default elementor-section-height-default\" data-id=\"119e8968\" data-element_type=\"section\" data-e-type=\"section\">\n\t\t\t\t\t\t<div class=\"elementor-container elementor-column-gap-no\">\n\t\t\t\t\t<div class=\"elementor-column elementor-col-50 elementor-top-column elementor-element elementor-element-cbe741\" data-id=\"cbe741\" data-element_type=\"column\" data-e-type=\"column\">\n\t\t\t<div class=\"elementor-widget-wrap elementor-element-populated\">\n\t\t\t\t\t\t<div class=\"elementor-element elementor-element-6a1207b5 elementor-widget elementor-widget-elementskit-heading\" data-id=\"6a1207b5\" data-element_type=\"widget\" data-e-type=\"widget\" data-widget_type=\"elementskit-heading.default\">\n\t\t\t\t<div class=\"elementor-widget-container\">\n\t\t\t\t\t<div class=\"ekit-wid-con\" ><div class=\"ekit-heading elementskit-section-title-wraper center   ekit_heading_tablet-   ekit_heading_mobile-\"><h1 class=\"elementskit-section-subtitle  elementskit-style-border\">\n\t\t\t\t\t\tLICENCIA DE PARENTALIDAD\n\t\t\t\t\t<\/h1>\t\t\t\t<div class='ekit-heading__description'>\n\t\t\t\t\t<p>Es la medida de igualdad sustantiva contemplada para la licencia de maternidad, que consiste en beneficiar a los hombres con un permiso para ausentarse temporalmente del trabajo a fin de <em>gozar<\/em> de un tiempo de adaptaci\u00f3n y atenci\u00f3n despu\u00e9s del nacimiento o adopci\u00f3n de un hijo o una hija.<\/p>\n<p>En ese sentido el Tribunal Administrativo del Poder Judicial del Estado, garantiza ese derecho para que:<\/p>\n<p><em><strong>\"Los hombres trabajadores gozar\u00e1n de licencia de paternidad, en el caso del nacimiento de un hijo, que consiste en la autorizaci\u00f3n de treinta d\u00edas con goce de sueldo, dicha licencia ser\u00e1 otorgada tambi\u00e9n en el caso de adopci\u00f3n\".<\/strong><\/em><\/p>\n\t\t\t\t<\/div>\n\t\t\t<\/div><\/div>\t\t\t\t<\/div>\n\t\t\t\t<\/div>\n\t\t\t\t\t<\/div>\n\t\t<\/div>\n\t\t\t\t<div class=\"elementor-column elementor-col-50 elementor-top-column elementor-element elementor-element-70ab1f2b\" data-id=\"70ab1f2b\" data-element_type=\"column\" data-e-type=\"column\">\n\t\t\t<div class=\"elementor-widget-wrap elementor-element-populated\">\n\t\t\t\t\t\t<div class=\"elementor-element elementor-element-45de44cb elementor-widget elementor-widget-image\" data-id=\"45de44cb\" data-element_type=\"widget\" data-e-type=\"widget\" data-widget_type=\"image.default\">\n\t\t\t\t<div class=\"elementor-widget-container\">\n\t\t\t\t\t\t\t\t\t\t\t\t\t\t\t<img fetchpriority=\"high\" decoding=\"async\" width=\"4480\" height=\"4542\" src=\"https:\/\/tachiapas.gob.mx\/comite-igualdad\/wp-content\/uploads\/2022\/01\/LA-IGUALDAD-SE-CONSTRUYE.png\" class=\"attachment-full size-full wp-image-8328\" alt=\"\" srcset=\"https:\/\/tachiapas.gob.mx\/comite-igualdad\/wp-content\/uploads\/2022\/01\/LA-IGUALDAD-SE-CONSTRUYE.png 4480w, https:\/\/tachiapas.gob.mx\/comite-igualdad\/wp-content\/uploads\/2022\/01\/LA-IGUALDAD-SE-CONSTRUYE-296x300.png 296w, https:\/\/tachiapas.gob.mx\/comite-igualdad\/wp-content\/uploads\/2022\/01\/LA-IGUALDAD-SE-CONSTRUYE-1010x1024.png 1010w, https:\/\/tachiapas.gob.mx\/comite-igualdad\/wp-content\/uploads\/2022\/01\/LA-IGUALDAD-SE-CONSTRUYE-768x779.png 768w, https:\/\/tachiapas.gob.mx\/comite-igualdad\/wp-content\/uploads\/2022\/01\/LA-IGUALDAD-SE-CONSTRUYE-1515x1536.png 1515w, https:\/\/tachiapas.gob.mx\/comite-igualdad\/wp-content\/uploads\/2022\/01\/LA-IGUALDAD-SE-CONSTRUYE-2020x2048.png 2020w, https:\/\/tachiapas.gob.mx\/comite-igualdad\/wp-content\/uploads\/2022\/01\/LA-IGUALDAD-SE-CONSTRUYE-160x162.png 160w\" sizes=\"(max-width: 4480px) 100vw, 4480px\" \/>\t\t\t\t\t\t\t\t\t\t\t\t\t\t\t<\/div>\n\t\t\t\t<\/div>\n\t\t\t\t\t<\/div>\n\t\t<\/div>\n\t\t\t\t\t<\/div>\n\t\t<\/section>\n\t\t\t\t<section class=\"elementor-section elementor-top-section elementor-element elementor-element-cba8c6d elementor-section-boxed elementor-section-height-default elementor-section-height-default\" data-id=\"cba8c6d\" data-element_type=\"section\" data-e-type=\"section\">\n\t\t\t\t\t\t<div class=\"elementor-container elementor-column-gap-default\">\n\t\t\t\t\t<div class=\"elementor-column elementor-col-100 elementor-top-column elementor-element elementor-element-b958c4a\" data-id=\"b958c4a\" data-element_type=\"column\" data-e-type=\"column\">\n\t\t\t<div class=\"elementor-widget-wrap elementor-element-populated\">\n\t\t\t\t\t\t<div class=\"elementor-element elementor-element-96ce830 elementor-widget elementor-widget-image\" data-id=\"96ce830\" data-element_type=\"widget\" data-e-type=\"widget\" data-widget_type=\"image.default\">\n\t\t\t\t<div class=\"elementor-widget-container\">\n\t\t\t\t\t\t\t\t\t\t\t\t\t\t\t<img decoding=\"async\" width=\"2048\" height=\"1368\" src=\"https:\/\/tachiapas.gob.mx\/comite-igualdad\/wp-content\/uploads\/2024\/08\/448712471_886169916877119_7274267679485444803_n.png\" class=\"attachment-full size-full wp-image-10642\" alt=\"\" srcset=\"https:\/\/tachiapas.gob.mx\/comite-igualdad\/wp-content\/uploads\/2024\/08\/448712471_886169916877119_7274267679485444803_n.png 2048w, https:\/\/tachiapas.gob.mx\/comite-igualdad\/wp-content\/uploads\/2024\/08\/448712471_886169916877119_7274267679485444803_n-300x200.png 300w, https:\/\/tachiapas.gob.mx\/comite-igualdad\/wp-content\/uploads\/2024\/08\/448712471_886169916877119_7274267679485444803_n-1024x684.png 1024w, https:\/\/tachiapas.gob.mx\/comite-igualdad\/wp-content\/uploads\/2024\/08\/448712471_886169916877119_7274267679485444803_n-768x513.png 768w, https:\/\/tachiapas.gob.mx\/comite-igualdad\/wp-content\/uploads\/2024\/08\/448712471_886169916877119_7274267679485444803_n-1536x1026.png 1536w, https:\/\/tachiapas.gob.mx\/comite-igualdad\/wp-content\/uploads\/2024\/08\/448712471_886169916877119_7274267679485444803_n-243x162.png 243w\" sizes=\"(max-width: 2048px) 100vw, 2048px\" \/>\t\t\t\t\t\t\t\t\t\t\t\t\t\t\t<\/div>\n\t\t\t\t<\/div>\n\t\t\t\t\t<\/div>\n\t\t<\/div>\n\t\t\t\t\t<\/div>\n\t\t<\/section>\n\t\t\t\t<section class=\"elementor-section elementor-top-section elementor-element elementor-element-1234098 elementor-section-boxed elementor-section-height-default elementor-section-height-default\" data-id=\"1234098\" data-element_type=\"section\" data-e-type=\"section\">\n\t\t\t\t\t\t<div class=\"elementor-container elementor-column-gap-default\">\n\t\t\t\t\t<div class=\"elementor-column elementor-col-100 elementor-top-column elementor-element elementor-element-56be749\" data-id=\"56be749\" data-element_type=\"column\" data-e-type=\"column\">\n\t\t\t<div class=\"elementor-widget-wrap elementor-element-populated\">\n\t\t\t\t\t\t<div class=\"elementor-element elementor-element-375999c elementor-widget elementor-widget-image\" data-id=\"375999c\" data-element_type=\"widget\" data-e-type=\"widget\" data-widget_type=\"image.default\">\n\t\t\t\t<div class=\"elementor-widget-container\">\n\t\t\t\t\t\t\t\t\t\t\t\t\t\t\t<img decoding=\"async\" width=\"2048\" height=\"1152\" src=\"https:\/\/tachiapas.gob.mx\/comite-igualdad\/wp-content\/uploads\/2024\/08\/300455554_430587335768715_9166933224147548334_n.png\" class=\"attachment-full size-full wp-image-10643\" alt=\"\" srcset=\"https:\/\/tachiapas.gob.mx\/comite-igualdad\/wp-content\/uploads\/2024\/08\/300455554_430587335768715_9166933224147548334_n.png 2048w, https:\/\/tachiapas.gob.mx\/comite-igualdad\/wp-content\/uploads\/2024\/08\/300455554_430587335768715_9166933224147548334_n-300x169.png 300w, https:\/\/tachiapas.gob.mx\/comite-igualdad\/wp-content\/uploads\/2024\/08\/300455554_430587335768715_9166933224147548334_n-1024x576.png 1024w, https:\/\/tachiapas.gob.mx\/comite-igualdad\/wp-content\/uploads\/2024\/08\/300455554_430587335768715_9166933224147548334_n-768x432.png 768w, https:\/\/tachiapas.gob.mx\/comite-igualdad\/wp-content\/uploads\/2024\/08\/300455554_430587335768715_9166933224147548334_n-1536x864.png 1536w, https:\/\/tachiapas.gob.mx\/comite-igualdad\/wp-content\/uploads\/2024\/08\/300455554_430587335768715_9166933224147548334_n-262x147.png 262w\" sizes=\"(max-width: 2048px) 100vw, 2048px\" \/>\t\t\t\t\t\t\t\t\t\t\t\t\t\t\t<\/div>\n\t\t\t\t<\/div>\n\t\t\t\t\t<\/div>\n\t\t<\/div>\n\t\t\t\t\t<\/div>\n\t\t<\/section>\n\t\t\t\t<section class=\"elementor-section elementor-top-section elementor-element elementor-element-77ae000b elementor-section-boxed elementor-section-height-default elementor-section-height-default\" data-id=\"77ae000b\" data-element_type=\"section\" data-e-type=\"section\" data-settings=\"{&quot;background_background&quot;:&quot;classic&quot;}\">\n\t\t\t\t\t\t<div class=\"elementor-container elementor-column-gap-default\">\n\t\t\t\t\t<div class=\"elementor-column elementor-col-50 elementor-top-column elementor-element elementor-element-5605b8e3\" data-id=\"5605b8e3\" data-element_type=\"column\" data-e-type=\"column\">\n\t\t\t<div class=\"elementor-widget-wrap elementor-element-populated\">\n\t\t\t\t\t\t<div class=\"elementor-element elementor-element-36ead05d elementor-view-default elementor-position-block-start elementor-mobile-position-block-start elementor-widget elementor-widget-icon-box\" data-id=\"36ead05d\" data-element_type=\"widget\" data-e-type=\"widget\" data-widget_type=\"icon-box.default\">\n\t\t\t\t<div class=\"elementor-widget-container\">\n\t\t\t\t\t\t\t<div class=\"elementor-icon-box-wrapper\">\n\n\t\t\t\t\t\t<div class=\"elementor-icon-box-icon\">\n\t\t\t\t<a href=\"https:\/\/tachiapas.gob.mx\/wp-content\/uploads\/2020\/12\/Manual_para_el_uso_no_sexista_del_lenguaje.pdf\" target=\"_blank\" class=\"elementor-icon elementor-animation-grow\" tabindex=\"-1\">\n\t\t\t\t<i aria-hidden=\"true\" class=\"far fa-file-pdf\"><\/i>\t\t\t\t<\/a>\n\t\t\t<\/div>\n\t\t\t\n\t\t\t\t\t\t<div class=\"elementor-icon-box-content\">\n\n\t\t\t\t\n\t\t\t\t\t\t\t\t\t<p class=\"elementor-icon-box-description\">\n\t\t\t\t\t\tManual para el Uso no sexista del Lenguaje\t\t\t\t\t<\/p>\n\t\t\t\t\n\t\t\t<\/div>\n\t\t\t\n\t\t<\/div>\n\t\t\t\t\t\t<\/div>\n\t\t\t\t<\/div>\n\t\t\t\t\t<\/div>\n\t\t<\/div>\n\t\t\t\t<div class=\"elementor-column elementor-col-50 elementor-top-column elementor-element elementor-element-741c932\" data-id=\"741c932\" data-element_type=\"column\" data-e-type=\"column\">\n\t\t\t<div class=\"elementor-widget-wrap elementor-element-populated\">\n\t\t\t\t\t\t<div class=\"elementor-element elementor-element-47dda66 elementor-view-default elementor-position-block-start elementor-mobile-position-block-start elementor-widget elementor-widget-icon-box\" data-id=\"47dda66\" data-element_type=\"widget\" data-e-type=\"widget\" data-widget_type=\"icon-box.default\">\n\t\t\t\t<div class=\"elementor-widget-container\">\n\t\t\t\t\t\t\t<div class=\"elementor-icon-box-wrapper\">\n\n\t\t\t\t\t\t<div class=\"elementor-icon-box-icon\">\n\t\t\t\t<a href=\"https:\/\/tachiapas.gob.mx\/wp-content\/uploads\/2020\/12\/Recomendaciones-para-el-uso-incluyente-y-no-sexista-del-lenguaje..pdf\" target=\"_blank\" class=\"elementor-icon elementor-animation-grow\" tabindex=\"-1\">\n\t\t\t\t<i aria-hidden=\"true\" class=\"far fa-file-pdf\"><\/i>\t\t\t\t<\/a>\n\t\t\t<\/div>\n\t\t\t\n\t\t\t\t\t\t<div class=\"elementor-icon-box-content\">\n\n\t\t\t\t\n\t\t\t\t\t\t\t\t\t<p class=\"elementor-icon-box-description\">\n\t\t\t\t\t\tRecomendaciones para el uso incluyente y no sexista del lenguaje\t\t\t\t\t<\/p>\n\t\t\t\t\n\t\t\t<\/div>\n\t\t\t\n\t\t<\/div>\n\t\t\t\t\t\t<\/div>\n\t\t\t\t<\/div>\n\t\t\t\t\t<\/div>\n\t\t<\/div>\n\t\t\t\t\t<\/div>\n\t\t<\/section>\n\t\t\t\t<\/div>\n\t\t","protected":false},"excerpt":{"rendered":"<p>LICENCIA DE PARENTALIDAD Es la medida de igualdad sustantiva contemplada para la licencia de maternidad, que consiste en beneficiar a<\/p>\n<div class=\"read-button read_more_btn_text\"><a class=\"read_more\" href=\"https:\/\/tachiapas.gob.mx\/comite-igualdad\/cultura-incluyente\/\">Read Now<span class=\"arrow_readm\"> &#x25BA;<\/span><\/a><\/div>\n","protected":false},"author":2,"featured_media":0,"parent":0,"menu_order":0,"comment_status":"closed","ping_status":"closed","template":"elementor_header_footer","meta":{"footnotes":""},"class_list":["post-6701","page","type-page","status-publish","hentry"],"_links":{"self":[{"href":"https:\/\/tachiapas.gob.mx\/comite-igualdad\/wp-json\/wp\/v2\/pages\/6701","targetHints":{"allow":["GET"]}}],"collection":[{"href":"https:\/\/tachiapas.gob.mx\/comite-igualdad\/wp-json\/wp\/v2\/pages"}],"about":[{"href":"https:\/\/tachiapas.gob.mx\/comite-igualdad\/wp-json\/wp\/v2\/types\/page"}],"author":[{"embeddable":true,"href":"https:\/\/tachiapas.gob.mx\/comite-igualdad\/wp-json\/wp\/v2\/users\/2"}],"replies":[{"embeddable":true,"href":"https:\/\/tachiapas.gob.mx\/comite-igualdad\/wp-json\/wp\/v2\/comments?post=6701"}],"version-history":[{"count":55,"href":"https:\/\/tachiapas.gob.mx\/comite-igualdad\/wp-json\/wp\/v2\/pages\/6701\/revisions"}],"predecessor-version":[{"id":10655,"href":"https:\/\/tachiapas.gob.mx\/comite-igualdad\/wp-json\/wp\/v2\/pages\/6701\/revisions\/10655"}],"wp:attachment":[{"href":"https:\/\/tachiapas.gob.mx\/comite-igualdad\/wp-json\/wp\/v2\/media?parent=6701"}],"curies":[{"name":"wp","href":"https:\/\/api.w.org\/{rel}","templated":true}]}}