
{"id":9950,"date":"2024-02-09T10:46:36","date_gmt":"2024-02-09T16:46:36","guid":{"rendered":"https:\/\/tachiapas.gob.mx\/comite-igualdad\/?page_id=9950"},"modified":"2024-04-11T10:16:42","modified_gmt":"2024-04-11T16:16:42","slug":"sesiones-ordinarias-2023","status":"publish","type":"page","link":"https:\/\/tachiapas.gob.mx\/comite-igualdad\/sesiones-ordinarias-2023\/","title":{"rendered":"Sesiones Ordinarias 2023"},"content":{"rendered":"\t\t<div data-elementor-type=\"wp-page\" data-elementor-id=\"9950\" class=\"elementor elementor-9950\">\n\t\t\t\t\t\t<section class=\"elementor-section elementor-top-section elementor-element elementor-element-34851c1 elementor-section-boxed elementor-section-height-default elementor-section-height-default\" data-id=\"34851c1\" data-element_type=\"section\" data-e-type=\"section\">\n\t\t\t\t\t\t<div class=\"elementor-container elementor-column-gap-default\">\n\t\t\t\t\t<div class=\"elementor-column elementor-col-100 elementor-top-column elementor-element elementor-element-04f8202\" data-id=\"04f8202\" data-element_type=\"column\" data-e-type=\"column\">\n\t\t\t<div class=\"elementor-widget-wrap elementor-element-populated\">\n\t\t\t\t\t\t<div class=\"elementor-element elementor-element-8711b09 elementor-widget elementor-widget-spacer\" data-id=\"8711b09\" data-element_type=\"widget\" data-e-type=\"widget\" data-widget_type=\"spacer.default\">\n\t\t\t\t<div class=\"elementor-widget-container\">\n\t\t\t\t\t\t\t<div class=\"elementor-spacer\">\n\t\t\t<div class=\"elementor-spacer-inner\"><\/div>\n\t\t<\/div>\n\t\t\t\t\t\t<\/div>\n\t\t\t\t<\/div>\n\t\t\t\t\t<\/div>\n\t\t<\/div>\n\t\t\t\t\t<\/div>\n\t\t<\/section>\n\t\t\t\t<section class=\"elementor-section elementor-top-section elementor-element elementor-element-7ac9789 elementor-section-boxed elementor-section-height-default elementor-section-height-default\" data-id=\"7ac9789\" data-element_type=\"section\" data-e-type=\"section\">\n\t\t\t\t\t\t<div class=\"elementor-container elementor-column-gap-default\">\n\t\t\t\t\t<div class=\"elementor-column elementor-col-100 elementor-top-column elementor-element elementor-element-e48e790\" data-id=\"e48e790\" data-element_type=\"column\" data-e-type=\"column\">\n\t\t\t<div class=\"elementor-widget-wrap elementor-element-populated\">\n\t\t\t\t\t\t<div class=\"elementor-element elementor-element-b963353 elementor-widget elementor-widget-heading\" data-id=\"b963353\" data-element_type=\"widget\" data-e-type=\"widget\" data-widget_type=\"heading.default\">\n\t\t\t\t<div class=\"elementor-widget-container\">\n\t\t\t\t\t<h2 class=\"elementor-heading-title elementor-size-default\">Primera Sesi\u00f3n Ordinaria 2023<\/h2>\t\t\t\t<\/div>\n\t\t\t\t<\/div>\n\t\t\t\t\t<\/div>\n\t\t<\/div>\n\t\t\t\t\t<\/div>\n\t\t<\/section>\n\t\t\t\t<section class=\"elementor-section elementor-top-section elementor-element elementor-element-9f1b965 elementor-section-boxed elementor-section-height-default elementor-section-height-default\" data-id=\"9f1b965\" data-element_type=\"section\" data-e-type=\"section\">\n\t\t\t\t\t\t<div class=\"elementor-container elementor-column-gap-default\">\n\t\t\t\t\t<div class=\"elementor-column elementor-col-100 elementor-top-column elementor-element elementor-element-e3c7160\" data-id=\"e3c7160\" data-element_type=\"column\" data-e-type=\"column\">\n\t\t\t<div class=\"elementor-widget-wrap elementor-element-populated\">\n\t\t\t\t\t\t<div class=\"elementor-element elementor-element-4a801a4 elementor-widget elementor-widget-image\" data-id=\"4a801a4\" data-element_type=\"widget\" data-e-type=\"widget\" data-widget_type=\"image.default\">\n\t\t\t\t<div class=\"elementor-widget-container\">\n\t\t\t\t\t\t\t\t\t\t\t\t\t\t\t<img fetchpriority=\"high\" decoding=\"async\" width=\"2560\" height=\"719\" src=\"https:\/\/tachiapas.gob.mx\/comite-igualdad\/wp-content\/uploads\/2024\/02\/426851776_801370648690380_8269349244089196994_n-scaled.jpg\" class=\"attachment-full size-full wp-image-10036\" alt=\"\" srcset=\"https:\/\/tachiapas.gob.mx\/comite-igualdad\/wp-content\/uploads\/2024\/02\/426851776_801370648690380_8269349244089196994_n-scaled.jpg 2560w, https:\/\/tachiapas.gob.mx\/comite-igualdad\/wp-content\/uploads\/2024\/02\/426851776_801370648690380_8269349244089196994_n-300x84.jpg 300w, https:\/\/tachiapas.gob.mx\/comite-igualdad\/wp-content\/uploads\/2024\/02\/426851776_801370648690380_8269349244089196994_n-1024x288.jpg 1024w, https:\/\/tachiapas.gob.mx\/comite-igualdad\/wp-content\/uploads\/2024\/02\/426851776_801370648690380_8269349244089196994_n-768x216.jpg 768w, https:\/\/tachiapas.gob.mx\/comite-igualdad\/wp-content\/uploads\/2024\/02\/426851776_801370648690380_8269349244089196994_n-1536x432.jpg 1536w, https:\/\/tachiapas.gob.mx\/comite-igualdad\/wp-content\/uploads\/2024\/02\/426851776_801370648690380_8269349244089196994_n-2048x576.jpg 2048w, https:\/\/tachiapas.gob.mx\/comite-igualdad\/wp-content\/uploads\/2024\/02\/426851776_801370648690380_8269349244089196994_n-262x74.jpg 262w\" sizes=\"(max-width: 2560px) 100vw, 2560px\" \/>\t\t\t\t\t\t\t\t\t\t\t\t\t\t\t<\/div>\n\t\t\t\t<\/div>\n\t\t\t\t\t<\/div>\n\t\t<\/div>\n\t\t\t\t\t<\/div>\n\t\t<\/section>\n\t\t\t\t<section class=\"elementor-section elementor-top-section elementor-element elementor-element-4b0a250 elementor-section-boxed elementor-section-height-default elementor-section-height-default\" data-id=\"4b0a250\" data-element_type=\"section\" data-e-type=\"section\">\n\t\t\t\t\t\t<div class=\"elementor-container elementor-column-gap-default\">\n\t\t\t\t\t<div class=\"elementor-column elementor-col-50 elementor-top-column elementor-element elementor-element-867cd57\" data-id=\"867cd57\" data-element_type=\"column\" data-e-type=\"column\">\n\t\t\t<div class=\"elementor-widget-wrap elementor-element-populated\">\n\t\t\t\t\t\t<div class=\"elementor-element elementor-element-d2ffcff elementor-widget elementor-widget-image\" data-id=\"d2ffcff\" data-element_type=\"widget\" data-e-type=\"widget\" data-widget_type=\"image.default\">\n\t\t\t\t<div class=\"elementor-widget-container\">\n\t\t\t\t\t\t\t\t\t\t\t\t\t\t\t<img decoding=\"async\" width=\"590\" height=\"394\" src=\"https:\/\/tachiapas.gob.mx\/comite-igualdad\/wp-content\/uploads\/2024\/02\/426693197_801370698690375_9131094096444859894_n-1024x683.jpg\" class=\"attachment-large size-large wp-image-10034\" alt=\"\" srcset=\"https:\/\/tachiapas.gob.mx\/comite-igualdad\/wp-content\/uploads\/2024\/02\/426693197_801370698690375_9131094096444859894_n-1024x683.jpg 1024w, https:\/\/tachiapas.gob.mx\/comite-igualdad\/wp-content\/uploads\/2024\/02\/426693197_801370698690375_9131094096444859894_n-300x200.jpg 300w, https:\/\/tachiapas.gob.mx\/comite-igualdad\/wp-content\/uploads\/2024\/02\/426693197_801370698690375_9131094096444859894_n-768x512.jpg 768w, https:\/\/tachiapas.gob.mx\/comite-igualdad\/wp-content\/uploads\/2024\/02\/426693197_801370698690375_9131094096444859894_n-1536x1024.jpg 1536w, https:\/\/tachiapas.gob.mx\/comite-igualdad\/wp-content\/uploads\/2024\/02\/426693197_801370698690375_9131094096444859894_n-243x162.jpg 243w, https:\/\/tachiapas.gob.mx\/comite-igualdad\/wp-content\/uploads\/2024\/02\/426693197_801370698690375_9131094096444859894_n.jpg 2048w\" sizes=\"(max-width: 590px) 100vw, 590px\" \/>\t\t\t\t\t\t\t\t\t\t\t\t\t\t\t<\/div>\n\t\t\t\t<\/div>\n\t\t\t\t\t<\/div>\n\t\t<\/div>\n\t\t\t\t<div class=\"elementor-column elementor-col-50 elementor-top-column elementor-element elementor-element-dc6f879\" data-id=\"dc6f879\" data-element_type=\"column\" data-e-type=\"column\">\n\t\t\t<div class=\"elementor-widget-wrap elementor-element-populated\">\n\t\t\t\t\t\t<div class=\"elementor-element elementor-element-1688ea8 elementor-widget elementor-widget-image\" data-id=\"1688ea8\" data-element_type=\"widget\" data-e-type=\"widget\" data-widget_type=\"image.default\">\n\t\t\t\t<div class=\"elementor-widget-container\">\n\t\t\t\t\t\t\t\t\t\t\t\t\t\t\t<img decoding=\"async\" width=\"590\" height=\"371\" src=\"https:\/\/tachiapas.gob.mx\/comite-igualdad\/wp-content\/uploads\/2024\/02\/426900316_801397692021009_3124727808094548_n-1024x644.jpg\" class=\"attachment-large size-large wp-image-10033\" alt=\"\" srcset=\"https:\/\/tachiapas.gob.mx\/comite-igualdad\/wp-content\/uploads\/2024\/02\/426900316_801397692021009_3124727808094548_n-1024x644.jpg 1024w, https:\/\/tachiapas.gob.mx\/comite-igualdad\/wp-content\/uploads\/2024\/02\/426900316_801397692021009_3124727808094548_n-300x189.jpg 300w, https:\/\/tachiapas.gob.mx\/comite-igualdad\/wp-content\/uploads\/2024\/02\/426900316_801397692021009_3124727808094548_n-768x483.jpg 768w, https:\/\/tachiapas.gob.mx\/comite-igualdad\/wp-content\/uploads\/2024\/02\/426900316_801397692021009_3124727808094548_n-1536x966.jpg 1536w, https:\/\/tachiapas.gob.mx\/comite-igualdad\/wp-content\/uploads\/2024\/02\/426900316_801397692021009_3124727808094548_n-258x162.jpg 258w, https:\/\/tachiapas.gob.mx\/comite-igualdad\/wp-content\/uploads\/2024\/02\/426900316_801397692021009_3124727808094548_n.jpg 2048w\" sizes=\"(max-width: 590px) 100vw, 590px\" \/>\t\t\t\t\t\t\t\t\t\t\t\t\t\t\t<\/div>\n\t\t\t\t<\/div>\n\t\t\t\t\t<\/div>\n\t\t<\/div>\n\t\t\t\t\t<\/div>\n\t\t<\/section>\n\t\t\t\t<section class=\"elementor-section elementor-top-section elementor-element elementor-element-42f0729 elementor-section-boxed elementor-section-height-default elementor-section-height-default\" data-id=\"42f0729\" data-element_type=\"section\" data-e-type=\"section\">\n\t\t\t\t\t\t<div class=\"elementor-container elementor-column-gap-default\">\n\t\t\t\t\t<div class=\"elementor-column elementor-col-50 elementor-top-column elementor-element elementor-element-f1b87e7\" data-id=\"f1b87e7\" data-element_type=\"column\" data-e-type=\"column\">\n\t\t\t<div class=\"elementor-widget-wrap elementor-element-populated\">\n\t\t\t\t\t\t<div class=\"elementor-element elementor-element-fdf360b elementor-widget elementor-widget-image\" data-id=\"fdf360b\" data-element_type=\"widget\" data-e-type=\"widget\" data-widget_type=\"image.default\">\n\t\t\t\t<div class=\"elementor-widget-container\">\n\t\t\t\t\t\t\t\t\t\t\t\t\t\t\t<img loading=\"lazy\" decoding=\"async\" width=\"590\" height=\"394\" src=\"https:\/\/tachiapas.gob.mx\/comite-igualdad\/wp-content\/uploads\/2024\/04\/DSC00576-1024x683.jpg\" class=\"attachment-large size-large wp-image-10146\" alt=\"\" srcset=\"https:\/\/tachiapas.gob.mx\/comite-igualdad\/wp-content\/uploads\/2024\/04\/DSC00576-1024x683.jpg 1024w, https:\/\/tachiapas.gob.mx\/comite-igualdad\/wp-content\/uploads\/2024\/04\/DSC00576-300x200.jpg 300w, https:\/\/tachiapas.gob.mx\/comite-igualdad\/wp-content\/uploads\/2024\/04\/DSC00576-768x512.jpg 768w, https:\/\/tachiapas.gob.mx\/comite-igualdad\/wp-content\/uploads\/2024\/04\/DSC00576-1536x1024.jpg 1536w, https:\/\/tachiapas.gob.mx\/comite-igualdad\/wp-content\/uploads\/2024\/04\/DSC00576-2048x1365.jpg 2048w, https:\/\/tachiapas.gob.mx\/comite-igualdad\/wp-content\/uploads\/2024\/04\/DSC00576-243x162.jpg 243w\" sizes=\"(max-width: 590px) 100vw, 590px\" \/>\t\t\t\t\t\t\t\t\t\t\t\t\t\t\t<\/div>\n\t\t\t\t<\/div>\n\t\t\t\t\t<\/div>\n\t\t<\/div>\n\t\t\t\t<div class=\"elementor-column elementor-col-50 elementor-top-column elementor-element elementor-element-f24d2ba\" data-id=\"f24d2ba\" data-element_type=\"column\" data-e-type=\"column\">\n\t\t\t<div class=\"elementor-widget-wrap elementor-element-populated\">\n\t\t\t\t\t\t<div class=\"elementor-element elementor-element-5576e65 elementor-widget elementor-widget-text-editor\" data-id=\"5576e65\" data-element_type=\"widget\" data-e-type=\"widget\" data-widget_type=\"text-editor.default\">\n\t\t\t\t<div class=\"elementor-widget-container\">\n\t\t\t\t\t\t\t\t\t<p><span style=\"color: #993366;\"><strong><em>\u27a1\ufe0f Presentaci\u00f3n por parte de cada vocal de las propuestas referentes al d\u00eda internacional de la mujer (8 de marzo) y d\u00eda del ni\u00f1o y la ni\u00f1a (30 de abril)<\/em><\/strong><\/span><\/p><p>\u27a1\ufe0f <em><strong><span style=\"color: #993366;\">Presentaci\u00f3n de la estad\u00edstica de la encuesta de satisfacci\u00f3n a la \u00abcapacitaci\u00f3n presencial de servidoras y servidores p\u00fablicos en y desde el enfoque de igualdad entre mujeres y hombres, nivel b\u00e1sico\u00bb<\/span><\/strong><\/em><\/p><p><span style=\"color: #993366;\"><strong><em>\u27a1\ufe0f Asuntos generales<\/em><\/strong><\/span><\/p>\t\t\t\t\t\t\t\t<\/div>\n\t\t\t\t<\/div>\n\t\t\t\t\t<\/div>\n\t\t<\/div>\n\t\t\t\t\t<\/div>\n\t\t<\/section>\n\t\t\t\t<section class=\"elementor-section elementor-top-section elementor-element elementor-element-8aa23db elementor-section-boxed elementor-section-height-default elementor-section-height-default\" data-id=\"8aa23db\" data-element_type=\"section\" data-e-type=\"section\">\n\t\t\t\t\t\t<div class=\"elementor-container elementor-column-gap-default\">\n\t\t\t\t\t<div class=\"elementor-column elementor-col-100 elementor-top-column elementor-element elementor-element-977cde6\" data-id=\"977cde6\" data-element_type=\"column\" data-e-type=\"column\">\n\t\t\t<div class=\"elementor-widget-wrap\">\n\t\t\t\t\t\t\t<\/div>\n\t\t<\/div>\n\t\t\t\t\t<\/div>\n\t\t<\/section>\n\t\t\t\t<\/div>\n\t\t","protected":false},"excerpt":{"rendered":"<p>Primera Sesi\u00f3n Ordinaria 2023 \u27a1\ufe0f Presentaci\u00f3n por parte de cada vocal de las propuestas referentes al d\u00eda internacional de la<\/p>\n<div class=\"read-button read_more_btn_text\"><a class=\"read_more\" href=\"https:\/\/tachiapas.gob.mx\/comite-igualdad\/sesiones-ordinarias-2023\/\">Read Now<span class=\"arrow_readm\"> &#x25BA;<\/span><\/a><\/div>\n","protected":false},"author":2,"featured_media":0,"parent":0,"menu_order":0,"comment_status":"closed","ping_status":"closed","template":"elementor_header_footer","meta":{"footnotes":""},"class_list":["post-9950","page","type-page","status-publish","hentry"],"_links":{"self":[{"href":"https:\/\/tachiapas.gob.mx\/comite-igualdad\/wp-json\/wp\/v2\/pages\/9950","targetHints":{"allow":["GET"]}}],"collection":[{"href":"https:\/\/tachiapas.gob.mx\/comite-igualdad\/wp-json\/wp\/v2\/pages"}],"about":[{"href":"https:\/\/tachiapas.gob.mx\/comite-igualdad\/wp-json\/wp\/v2\/types\/page"}],"author":[{"embeddable":true,"href":"https:\/\/tachiapas.gob.mx\/comite-igualdad\/wp-json\/wp\/v2\/users\/2"}],"replies":[{"embeddable":true,"href":"https:\/\/tachiapas.gob.mx\/comite-igualdad\/wp-json\/wp\/v2\/comments?post=9950"}],"version-history":[{"count":50,"href":"https:\/\/tachiapas.gob.mx\/comite-igualdad\/wp-json\/wp\/v2\/pages\/9950\/revisions"}],"predecessor-version":[{"id":10257,"href":"https:\/\/tachiapas.gob.mx\/comite-igualdad\/wp-json\/wp\/v2\/pages\/9950\/revisions\/10257"}],"wp:attachment":[{"href":"https:\/\/tachiapas.gob.mx\/comite-igualdad\/wp-json\/wp\/v2\/media?parent=9950"}],"curies":[{"name":"wp","href":"https:\/\/api.w.org\/{rel}","templated":true}]}}